{"id":4977,"date":"2024-12-09T00:55:07","date_gmt":"2024-12-08T23:55:07","guid":{"rendered":"https:\/\/alfisti.rs\/shop\/senza-categoria\/tazza-alfa-romeo-vintage-bw-logo\/"},"modified":"2024-12-09T00:55:07","modified_gmt":"2024-12-08T23:55:07","slug":"tazza-alfa-romeo-vintage-bw-logo","status":"publish","type":"product","link":"https:\/\/alfisti.rs\/it\/shop\/boccale\/tazza-alfa-romeo-vintage-bw-logo\/","title":{"rendered":"Tazza Alfa Romeo Vintage BW Logo"},"content":{"rendered":"<h2>Tazza lucida con logo Alfa Romeo Vintage<\/h2>\n<p>Inizia la giornata con un tocco di eleganza e stile italiano con la nostra tazza lucida con l&#8217;iconico logo Alfa Romeo Vintage. Questa tazza elegante e sofisticata \u00e8 l&#8217;aggiunta perfetta alla tua routine mattutina o un ottimo regalo per tutti gli appassionati di auto.<\/p>\n<p>La finitura lucida della tazza aggiunge un tocco di lusso, rendendola un pezzo forte in cucina o in ufficio. Il logo Alfa Romeo Vintage, simbolo dell&#8217;eredit\u00e0 sportiva di Alfa Romeo, aggiunge un tocco unico ed elegante alla tazza, mostrando la tua passione per i veicoli ad alte prestazioni.<\/p>\n<p>Questa tazza non solo \u00e8 esteticamente accattivante, ma offre anche praticit\u00e0 e durata. Realizzato in ceramica di alta qualit\u00e0, \u00e8 adatto sia al microonde che alla lavastoviglie, per garantire praticit\u00e0 e facilit\u00e0 di manutenzione. Le dimensioni generose della tazza consentono di servire abbondantemente la tua bevanda calda preferita, che sia un espresso forte o una confortante tazza di t\u00e8.<\/p>\n<p>Se sei un appassionato di auto, un fan dell&#8217;Alfa Romeo o semplicemente apprezzi il design, la nostra tazza lucida con il logo Vintage \u00e8 un oggetto imperdibile. Inizia la giornata con stile e gusta la tua bevanda preferita in una tazza che rispecchia la tua passione e i tuoi gusti.<\/p>\n","protected":false},"excerpt":{"rendered":"<p>Che tu stia bevendo il caff\u00e8 del mattino, il t\u00e8 della sera o una via di mezzo, questa tazza fa al caso tuo! \u00c8 robusto e lucido, con una stampa vivace che resiste al microonde e alla lavastoviglie.<\/p>\n<ul>\n<li>Ceramic<\/li>\n<li>Dimensioni della tazza da 11 once: 3,8\u2033 (9,6 cm) di altezza, 3,2\u2033 (8,2 cm) di diametro<\/li>\n<li>Dimensioni della tazza da 15 once: 4,7\u2033 (11,9 cm) di altezza, 3,3\u2033 (8,5 cm) di diametro<\/li>\n<li>Dimensioni della tazza da 20 once: 4,3\u2033 (10,9 cm) di altezza, 3,7\u2033 (9,3 cm) di diametro<\/li>\n<li>Adatto a lavastoviglie e microonde<\/li>\n<\/ul>\n","protected":false},"featured_media":4949,"comment_status":"open","ping_status":"closed","template":"","meta":[],"product_brand":[],"product_cat":[184],"product_tag":[],"class_list":{"0":"post-4977","1":"product","2":"type-product","3":"status-publish","4":"has-post-thumbnail","6":"product_cat-boccale","8":"first","9":"instock","10":"shipping-taxable","11":"purchasable","12":"product-type-variable"},"_links":{"self":[{"href":"https:\/\/alfisti.rs\/it\/wp-json\/wp\/v2\/product\/4977","targetHints":{"allow":["GET"]}}],"collection":[{"href":"https:\/\/alfisti.rs\/it\/wp-json\/wp\/v2\/product"}],"about":[{"href":"https:\/\/alfisti.rs\/it\/wp-json\/wp\/v2\/types\/product"}],"replies":[{"embeddable":true,"href":"https:\/\/alfisti.rs\/it\/wp-json\/wp\/v2\/comments?post=4977"}],"wp:featuredmedia":[{"embeddable":true,"href":"https:\/\/alfisti.rs\/it\/wp-json\/wp\/v2\/media\/4949"}],"wp:attachment":[{"href":"https:\/\/alfisti.rs\/it\/wp-json\/wp\/v2\/media?parent=4977"}],"wp:term":[{"taxonomy":"product_brand","embeddable":true,"href":"https:\/\/alfisti.rs\/it\/wp-json\/wp\/v2\/product_brand?post=4977"},{"taxonomy":"product_cat","embeddable":true,"href":"https:\/\/alfisti.rs\/it\/wp-json\/wp\/v2\/product_cat?post=4977"},{"taxonomy":"product_tag","embeddable":true,"href":"https:\/\/alfisti.rs\/it\/wp-json\/wp\/v2\/product_tag?post=4977"}],"curies":[{"name":"wp","href":"https:\/\/api.w.org\/{rel}","templated":true}]}}