{"id":4295,"date":"2024-05-30T00:46:09","date_gmt":"2024-05-29T22:46:09","guid":{"rendered":"https:\/\/alfisti.rs\/?post_type=product&p=4295"},"modified":"2024-05-30T00:46:09","modified_gmt":"2024-05-29T22:46:09","slug":"dolce-far-niente-shirt","status":"publish","type":"product","link":"https:\/\/alfisti.rs\/it\/shop\/maglietta\/dolce-far-niente-shirt\/","title":{"rendered":"Dolce far niente shirt"},"content":{"rendered":"<h2>Scopri l&#8217;arte di non fare nulla<\/h2>\n<p>Immagina di rilassarti nella pittoresca cittadina di Positano, assaporando un trancio di pizza e viaggiando a bordo di un&#8217;Alfa Romeo Spyder d&#8217;epoca. La nostra ultima t-shirt d\u00e0 vita a questo sogno, incarnando l&#8217;essenza del &#8220;Dolce Far Niente&#8221;, l&#8217;arte di non fare nulla. This isn&#8217;t just a piece of clothing; it&#8217;s a lifestyle statement for those who appreciate the simple joys of life.<\/p>\n<h2>Design iconico, stile senza sforzo<\/h2>\n<p>Il design della nostra t-shirt Positano &amp; Alfa Romeo Spyder \u00e8 un vero piacere per gli occhi. Con una scena splendidamente illustrata di ragazze che si godono una pizza in riva al mare, questa maglietta cattura l&#8217;atmosfera vibrante e rilassata di Positano. L&#8217;Alfa Romeo Spyder vintage aggiunge un tocco di glamour retr\u00f2, rendendola perfetta per chi ama le auto d&#8217;epoca e l&#8217;eleganza senza tempo.<\/p>\n<h2>Qualit\u00e0 che si sente<\/h2>\n<p>Realizzata in morbidissimo cotone, questa t-shirt promette comfort per tutto il giorno. Il tessuto traspirante lo rende ideale per ogni stagione, sia che tu stia andando in spiaggia sia che tu stia semplicemente rilassandoti a casa. La stampa \u00e8 resistente e mantiene i suoi colori vivaci anche dopo diversi lavaggi, assicurando che la tua maglietta preferita rimanga fresca.<\/p>\n<h2>Perfetto per ogni occasione<\/h2>\n<p>Che si tratti di un brunch informale, di esplorare una nuova citt\u00e0 o semplicemente di godersi una giornata pigra, questa maglietta si adatta perfettamente a qualsiasi scenario. Abbinalo a jeans, pantaloncini o anche a una gonna per un look versatile, chic e comodo. It&#8217;s more than just a shirt; it&#8217;s an invitation to embrace the &#8216;Dolce Far Niente&#8217; lifestyle.<\/p>\n<p>Non indossare solo una maglietta, indossa un pezzo di Positano e il fascino senza tempo di un&#8217;Alfa Romeo Spyder d&#8217;epoca. Ottieni il tuo oggi stesso e inizia a vivere l&#8217;arte di non fare nulla.<\/p>\n","protected":false},"excerpt":{"rendered":"<div class=\"elementor-element elementor-element-86e5b7b elementor-widget elementor-widget-shopengine-product-excerpt\" data-id=\"86e5b7b\" data-element_type=\"widget\" data-widget_type=\"shopengine-product-excerpt.default\">\n<div class=\"elementor-widget-container\">\n<div class=\"shopengine shopengine-widget\">\n<div class=\"shopengine-product-excerpt\">\n<div class=\"woocommerce-product-details__short-description\">\n<p>Questa maglietta \u00e8 tutto ci\u00f2 che hai sempre sognato e anche di pi\u00f9. \u00c8 morbido e leggero, con la giusta dose di elasticit\u00e0. \u00c8 confortevole e lusinghiero per tutti.<\/p>\n<p>&#8211; 100% cotone pettinato e filato ad anelli (i colori Heather contengono poliestere)<br \/>\n&#8211; Peso del tessuto: 4,2 oz.\/yd.\u00b2 (142 g\/m\u00b2)<br \/>\n&#8211; Tessuto pre-ristretto<br \/>\n&#8211; Costruzione con cuciture laterali<br \/>\n&#8211; Taping spalla a spalla<\/p>\n<\/div>\n<\/div>\n<\/div>\n<\/div>\n<\/div>\n","protected":false},"featured_media":4411,"comment_status":"open","ping_status":"closed","template":"","meta":[],"product_brand":[],"product_cat":[187],"product_tag":[],"class_list":{"0":"post-4295","1":"product","2":"type-product","3":"status-publish","4":"has-post-thumbnail","6":"product_cat-maglietta","8":"first","9":"instock","10":"shipping-taxable","11":"purchasable","12":"product-type-variable"},"_links":{"self":[{"href":"https:\/\/alfisti.rs\/it\/wp-json\/wp\/v2\/product\/4295","targetHints":{"allow":["GET"]}}],"collection":[{"href":"https:\/\/alfisti.rs\/it\/wp-json\/wp\/v2\/product"}],"about":[{"href":"https:\/\/alfisti.rs\/it\/wp-json\/wp\/v2\/types\/product"}],"replies":[{"embeddable":true,"href":"https:\/\/alfisti.rs\/it\/wp-json\/wp\/v2\/comments?post=4295"}],"wp:featuredmedia":[{"embeddable":true,"href":"https:\/\/alfisti.rs\/it\/wp-json\/wp\/v2\/media\/4411"}],"wp:attachment":[{"href":"https:\/\/alfisti.rs\/it\/wp-json\/wp\/v2\/media?parent=4295"}],"wp:term":[{"taxonomy":"product_brand","embeddable":true,"href":"https:\/\/alfisti.rs\/it\/wp-json\/wp\/v2\/product_brand?post=4295"},{"taxonomy":"product_cat","embeddable":true,"href":"https:\/\/alfisti.rs\/it\/wp-json\/wp\/v2\/product_cat?post=4295"},{"taxonomy":"product_tag","embeddable":true,"href":"https:\/\/alfisti.rs\/it\/wp-json\/wp\/v2\/product_tag?post=4295"}],"curies":[{"name":"wp","href":"https:\/\/api.w.org\/{rel}","templated":true}]}}