{"id":4260,"date":"2024-05-30T01:24:59","date_gmt":"2024-05-29T23:24:59","guid":{"rendered":"https:\/\/alfisti.rs\/?post_type=product&p=4260"},"modified":"2024-05-30T01:24:59","modified_gmt":"2024-05-29T23:24:59","slug":"giulia-gtam-shirt","status":"publish","type":"product","link":"https:\/\/alfisti.rs\/it\/shop\/maglietta\/giulia-gtam-shirt\/","title":{"rendered":"Giulia GTAm Shirt"},"content":{"rendered":"<h2>Rimani alla moda con la camicia Giulia GTAm<\/h2>\n<p>Sei un orgoglioso Alfista? Mostra il tuo amore per le auto e le corse italiane con la nostra esclusiva Giulia GTAm Shirt. Questa maglietta alla moda presenta l&#8217;iconico logo Giulia GTAm e rappresenta un must per tutti gli appassionati di auto.<\/p>\n<h2>Di alta qualit\u00e0 e confortevole<\/h2>\n<p>Realizzata con materiali di prima qualit\u00e0, la nostra Giulia GTAm Shirt \u00e8 progettata per offrire il massimo del comfort e della durata. Il tessuto morbido \u00e8 perfetto a contatto con la pelle, mentre la vestibilit\u00e0 comoda garantisce un look comodo e valorizzante sia per gli uomini che per le donne.<\/p>\n<h2>Perfetto per ogni occasione<\/h2>\n<p>Che tu stia partecipando a un raduno di auto, uscendo con gli amici o semplicemente facendo delle commissioni, la Giulia GTAm Shirt \u00e8 la scelta perfetta. Il suo design versatile ti permette di vestirlo in modo elegante o elegante, rendendolo adatto a qualsiasi occasione.<\/p>\n<p>Disponibile in diverse taglie, la nostra Giulia GTAm Shirt \u00e8 progettata per adattarsi a tutte le corporature. Scegli la taglia che preferisci ed effettua l&#8217;ordine oggi stesso per aggiungere questa elegante t-shirt alla tua collezione.<\/p>\n","protected":false},"excerpt":{"rendered":"<p>Questa maglietta \u00e8 tutto ci\u00f2 che hai sempre sognato e anche di pi\u00f9. \u00c8 morbido e leggero, con la giusta dose di elasticit\u00e0. \u00c8 confortevole e lusinghiero per tutti.<\/p>\n<p>&#8211; 100% cotone pettinato e filato ad anelli (i colori Heather contengono poliestere)<br \/>\n&#8211; Peso del tessuto: 4,2 oz.\/yd.\u00b2 (142 g\/m\u00b2)<br \/>\n&#8211; Tessuto pre-ristretto<br \/>\n&#8211; Costruzione con cuciture laterali<br \/>\n&#8211; Taping spalla a spalla<\/p>\n","protected":false},"featured_media":4498,"comment_status":"open","ping_status":"closed","template":"","meta":[],"product_brand":[],"product_cat":[187],"product_tag":[],"class_list":{"0":"post-4260","1":"product","2":"type-product","3":"status-publish","4":"has-post-thumbnail","6":"product_cat-maglietta","8":"first","9":"instock","10":"shipping-taxable","11":"purchasable","12":"product-type-variable"},"_links":{"self":[{"href":"https:\/\/alfisti.rs\/it\/wp-json\/wp\/v2\/product\/4260","targetHints":{"allow":["GET"]}}],"collection":[{"href":"https:\/\/alfisti.rs\/it\/wp-json\/wp\/v2\/product"}],"about":[{"href":"https:\/\/alfisti.rs\/it\/wp-json\/wp\/v2\/types\/product"}],"replies":[{"embeddable":true,"href":"https:\/\/alfisti.rs\/it\/wp-json\/wp\/v2\/comments?post=4260"}],"wp:featuredmedia":[{"embeddable":true,"href":"https:\/\/alfisti.rs\/it\/wp-json\/wp\/v2\/media\/4498"}],"wp:attachment":[{"href":"https:\/\/alfisti.rs\/it\/wp-json\/wp\/v2\/media?parent=4260"}],"wp:term":[{"taxonomy":"product_brand","embeddable":true,"href":"https:\/\/alfisti.rs\/it\/wp-json\/wp\/v2\/product_brand?post=4260"},{"taxonomy":"product_cat","embeddable":true,"href":"https:\/\/alfisti.rs\/it\/wp-json\/wp\/v2\/product_cat?post=4260"},{"taxonomy":"product_tag","embeddable":true,"href":"https:\/\/alfisti.rs\/it\/wp-json\/wp\/v2\/product_tag?post=4260"}],"curies":[{"name":"wp","href":"https:\/\/api.w.org\/{rel}","templated":true}]}}