{"id":4099,"date":"2024-05-30T15:31:19","date_gmt":"2024-05-30T13:31:19","guid":{"rendered":"https:\/\/alfisti.rs\/?post_type=product&p=4099"},"modified":"2024-05-30T15:31:19","modified_gmt":"2024-05-30T13:31:19","slug":"alfista-colore-mug","status":"publish","type":"product","link":"https:\/\/alfisti.rs\/it\/shop\/boccale\/alfista-colore-mug\/","title":{"rendered":"Alfista Colore Mug"},"content":{"rendered":"<div class=\"elementor-element elementor-element-86e5b7b elementor-widget elementor-widget-shopengine-product-excerpt\" data-id=\"86e5b7b\" data-element_type=\"widget\" data-widget_type=\"shopengine-product-excerpt.default\">\n<div class=\"elementor-widget-container\">\n<div class=\"shopengine shopengine-widget\">\n<div class=\"shopengine-product-excerpt\">\n<div class=\"woocommerce-product-details__short-description\">\n<div class=\"elementor-element elementor-element-86e5b7b elementor-widget elementor-widget-shopengine-product-excerpt\" data-id=\"86e5b7b\" data-element_type=\"widget\" data-widget_type=\"shopengine-product-excerpt.default\">\n<div class=\"elementor-widget-container\">\n<div class=\"shopengine shopengine-widget\">\n<div class=\"shopengine-product-excerpt\">\n<div class=\"woocommerce-product-details__short-description\">\n<div class=\"elementor-element elementor-element-86e5b7b elementor-widget elementor-widget-shopengine-product-excerpt\" data-id=\"86e5b7b\" data-element_type=\"widget\" data-widget_type=\"shopengine-product-excerpt.default\">\n<div class=\"elementor-widget-container\">\n<div class=\"shopengine shopengine-widget\">\n<div class=\"shopengine-product-excerpt\">\n<div class=\"woocommerce-product-details__short-description\">\n<div class=\"elementor-element elementor-element-86e5b7b elementor-widget elementor-widget-shopengine-product-excerpt\" data-id=\"86e5b7b\" data-element_type=\"widget\" data-widget_type=\"shopengine-product-excerpt.default\">\n<div class=\"elementor-widget-container\">\n<div class=\"shopengine shopengine-widget\">\n<div class=\"shopengine-product-excerpt\">\n<div class=\"woocommerce-product-details__short-description\">\n<h2>Tazza lucida con logo Quadrifoglio<\/h2>\n<p>Inizia la giornata con un tocco di eleganza e stile italiano con la nostra tazza lucida con l&#8217;iconico logo Alfisti. Questa tazza elegante e sofisticata \u00e8 l&#8217;aggiunta perfetta alla tua routine mattutina o un ottimo regalo per tutti gli appassionati di auto.<\/p>\n<p>La finitura lucida della tazza aggiunge un tocco di lusso, rendendola un pezzo forte in cucina o in ufficio. Il logo Alfisti, simbolo dell&#8217;eredit\u00e0 sportiva di Alfa Romeo, aggiunge un tocco unico ed elegante alla tazza, mostrando la tua passione per i veicoli ad alte prestazioni.<\/p>\n<p>Questa tazza non solo \u00e8 esteticamente accattivante, ma offre anche praticit\u00e0 e durata. Realizzato in ceramica di alta qualit\u00e0, \u00e8 adatto sia al microonde che alla lavastoviglie, per garantire praticit\u00e0 e facilit\u00e0 di manutenzione. Le dimensioni generose della tazza consentono di servire abbondantemente la tua bevanda calda preferita, che sia un espresso forte o una confortante tazza di t\u00e8.<\/p>\n<p>Whether you\u2019re a car enthusiast, an Alfa Romeo fan, or simply appreciate fine design, our glossy mug with the Alfisti logo is a must-have item. Start your day in style and enjoy your favorite drink in a mug that reflects your passion and taste.<\/p>\n<\/div>\n<\/div>\n<\/div>\n<\/div>\n<\/div>\n<\/div>\n<\/div>\n<\/div>\n<\/div>\n<\/div>\n<\/div>\n<\/div>\n<\/div>\n<\/div>\n<\/div>\n<\/div>\n<\/div>\n<\/div>\n<\/div>\n<\/div>\n","protected":false},"excerpt":{"rendered":"<p>Aggiungi un tocco di colore al tuo rituale mattutino del caff\u00e8 o del t\u00e8! Queste tazze in ceramica non solo hanno un bellissimo design, ma anche un bordo, un manico e un interno colorati, per cui la tazza \u00e8 destinata a ravvivare il tuo scaffale di tazze.<\/p>\n<p>&#8211; Ceramica<br \/>\n&#8211; Dimensioni della tazza da 11 once: 3,79\u2033 (9,6 cm) di altezza, 3,25\u2033 (8,3 cm) di diametro<br \/>\n&#8211; Dimensioni della tazza da 15 once: 4,69\u2033 (11,9 cm) di altezza, 3,35\u2033 (8,5 cm) di diametro<br \/>\n&#8211; Cerchio, interno e manico colorati<br \/>\n&#8211; Lavabile in lavastoviglie e nel microonde<\/p>\n","protected":false},"featured_media":4068,"comment_status":"open","ping_status":"closed","template":"","meta":[],"product_brand":[],"product_cat":[184],"product_tag":[],"class_list":{"0":"post-4099","1":"product","2":"type-product","3":"status-publish","4":"has-post-thumbnail","6":"product_cat-boccale","8":"first","9":"instock","10":"shipping-taxable","11":"purchasable","12":"product-type-variable"},"_links":{"self":[{"href":"https:\/\/alfisti.rs\/it\/wp-json\/wp\/v2\/product\/4099","targetHints":{"allow":["GET"]}}],"collection":[{"href":"https:\/\/alfisti.rs\/it\/wp-json\/wp\/v2\/product"}],"about":[{"href":"https:\/\/alfisti.rs\/it\/wp-json\/wp\/v2\/types\/product"}],"replies":[{"embeddable":true,"href":"https:\/\/alfisti.rs\/it\/wp-json\/wp\/v2\/comments?post=4099"}],"wp:featuredmedia":[{"embeddable":true,"href":"https:\/\/alfisti.rs\/it\/wp-json\/wp\/v2\/media\/4068"}],"wp:attachment":[{"href":"https:\/\/alfisti.rs\/it\/wp-json\/wp\/v2\/media?parent=4099"}],"wp:term":[{"taxonomy":"product_brand","embeddable":true,"href":"https:\/\/alfisti.rs\/it\/wp-json\/wp\/v2\/product_brand?post=4099"},{"taxonomy":"product_cat","embeddable":true,"href":"https:\/\/alfisti.rs\/it\/wp-json\/wp\/v2\/product_cat?post=4099"},{"taxonomy":"product_tag","embeddable":true,"href":"https:\/\/alfisti.rs\/it\/wp-json\/wp\/v2\/product_tag?post=4099"}],"curies":[{"name":"wp","href":"https:\/\/api.w.org\/{rel}","templated":true}]}}