{"id":4093,"date":"2024-05-30T15:30:17","date_gmt":"2024-05-30T13:30:17","guid":{"rendered":"https:\/\/alfisti.rs\/?post_type=product&#038;p=4093"},"modified":"2024-05-30T16:35:16","modified_gmt":"2024-05-30T14:35:16","slug":"quadrifoglio-2-green","status":"publish","type":"product","link":"https:\/\/alfisti.rs\/it\/shop\/boccale\/quadrifoglio-2-green\/","title":{"rendered":"Quadrifoglio 3 Green Mug"},"content":{"rendered":"<h2>Tazza lucida con logo Quadrifoglio<\/h2>\n<p>Inizia la giornata con un tocco di eleganza e stile italiano con la nostra tazza lucida con l&#8217;iconico logo del Quadrifoglio. Questa tazza elegante e sofisticata \u00e8 l&#8217;aggiunta perfetta alla tua routine mattutina o un ottimo regalo per tutti gli appassionati di auto.<\/p>\n<p>La finitura lucida della tazza aggiunge un tocco di lusso, rendendola un pezzo forte in cucina o in ufficio. Il logo Quadrifoglio, simbolo dell&#8217;eredit\u00e0 sportiva di Alfa Romeo, aggiunge un tocco unico ed elegante alla tazza, mostrando la tua passione per i veicoli ad alte prestazioni.<\/p>\n<p>Questa tazza non solo \u00e8 esteticamente accattivante, ma offre anche praticit\u00e0 e durata. Realizzato in ceramica di alta qualit\u00e0, \u00e8 adatto sia al microonde che alla lavastoviglie, per garantire praticit\u00e0 e facilit\u00e0 di manutenzione. Le dimensioni generose della tazza consentono di servire abbondantemente la tua bevanda calda preferita, che sia un espresso forte o una confortante tazza di t\u00e8.<\/p>\n<p>Se sei un appassionato di auto, un fan dell&#8217;Alfa Romeo o semplicemente apprezzi il design, la nostra tazza lucida con il logo Quadrifoglio \u00e8 un oggetto imperdibile. Start your day in style and enjoy your favorite drink in a mug that reflects your passion and taste.<\/p>\n","protected":false},"excerpt":{"rendered":"<p>Aggiungi un tocco di colore al tuo rituale mattutino del caff\u00e8 o del t\u00e8! Queste tazze in ceramica non solo hanno un bellissimo design, ma anche un bordo, un manico e un interno colorati, per cui la tazza \u00e8 destinata a ravvivare il tuo scaffale di tazze.<\/p>\n<p>&#8211; Ceramica<br \/>\n&#8211; Dimensioni della tazza da 11 once: 3,79\u2033 (9,6 cm) di altezza, 3,25\u2033 (8,3 cm) di diametro<br \/>\n&#8211; Dimensioni della tazza da 15 once: 4,69\u2033 (11,9 cm) di altezza, 3,35\u2033 (8,5 cm) di diametro<br \/>\n&#8211; Cerchio, interno e manico colorati<br \/>\n&#8211; Lavabile in lavastoviglie e nel microonde<\/p>\n","protected":false},"featured_media":4051,"comment_status":"open","ping_status":"closed","template":"","meta":[],"product_brand":[],"product_cat":[184],"product_tag":[236],"class_list":{"0":"post-4093","1":"product","2":"type-product","3":"status-publish","4":"has-post-thumbnail","6":"product_cat-boccale","7":"product_tag-qv-it","9":"first","10":"instock","11":"shipping-taxable","12":"purchasable","13":"product-type-variable"},"_links":{"self":[{"href":"https:\/\/alfisti.rs\/it\/wp-json\/wp\/v2\/product\/4093","targetHints":{"allow":["GET"]}}],"collection":[{"href":"https:\/\/alfisti.rs\/it\/wp-json\/wp\/v2\/product"}],"about":[{"href":"https:\/\/alfisti.rs\/it\/wp-json\/wp\/v2\/types\/product"}],"replies":[{"embeddable":true,"href":"https:\/\/alfisti.rs\/it\/wp-json\/wp\/v2\/comments?post=4093"}],"wp:featuredmedia":[{"embeddable":true,"href":"https:\/\/alfisti.rs\/it\/wp-json\/wp\/v2\/media\/4051"}],"wp:attachment":[{"href":"https:\/\/alfisti.rs\/it\/wp-json\/wp\/v2\/media?parent=4093"}],"wp:term":[{"taxonomy":"product_brand","embeddable":true,"href":"https:\/\/alfisti.rs\/it\/wp-json\/wp\/v2\/product_brand?post=4093"},{"taxonomy":"product_cat","embeddable":true,"href":"https:\/\/alfisti.rs\/it\/wp-json\/wp\/v2\/product_cat?post=4093"},{"taxonomy":"product_tag","embeddable":true,"href":"https:\/\/alfisti.rs\/it\/wp-json\/wp\/v2\/product_tag?post=4093"}],"curies":[{"name":"wp","href":"https:\/\/api.w.org\/{rel}","templated":true}]}}