{"id":3864,"date":"2024-05-27T20:17:16","date_gmt":"2024-05-27T18:17:16","guid":{"rendered":"https:\/\/alfisti.rs\/shop\/qv-polo-shirt\/"},"modified":"2024-05-29T15:29:19","modified_gmt":"2024-05-29T13:29:19","slug":"qv-polo-shirt","status":"publish","type":"product","link":"https:\/\/alfisti.rs\/it\/shop\/maglietta\/polo-it\/qv-polo-shirt\/","title":{"rendered":"QV polo shirt"},"content":{"rendered":"<h2>Lo stile della Polo QV: Consigli e tendenze<\/h2>\n<p>La Polo Alfista \u00e8 un capo d&#8217;abbigliamento senza tempo, che unisce perfettamente stile e tradizione. Quando si tratta di uscite casual, abbina la Polo Alfista a un paio di jeans classici. Questa combinazione offre un look rilassato e allo stesso tempo raffinato, ideale per gli incontri del fine settimana o per le riunioni sociali pi\u00f9 rilassate. Opta per un denim pi\u00f9 scuro per un aspetto chic senza sforzo, o per tonalit\u00e0 pi\u00f9 chiare per un&#8217;atmosfera pi\u00f9 rilassata.<\/p>\n<p>Per gli eventi semi-formali, la versatilit\u00e0 della Polo Alfista risplende. Abbinalo a dei pantaloni chino e a un blazer ben aderente per elevare il tuo ensemble. I toni neutri come il beige, il blu o il grigio sono particolarmente indicati per creare un look sofisticato ma allo stesso tempo comodo e accessibile. Completare il look con mocassini o brogue in pelle offre un tocco raffinato, perfetto per un ambiente business casual o per un appuntamento a cena.<\/p>\n<p>Le attuali tendenze della moda sottolineano l&#8217;importanza delle palette di colori e delle scelte dei tessuti. La Polo Alfista \u00e8 disponibile in diverse tonalit\u00e0, dai classici bianco e nero ai vivaci rosso e blu. Anche le variazioni stagionali giocano un ruolo fondamentale: i tessuti leggeri e traspiranti sono preferiti nei mesi pi\u00f9 caldi, mentre i materiali pi\u00f9 spessi garantiscono calore e comfort nelle stagioni pi\u00f9 fredde.<\/p>\n<p>Gli accessori sono fondamentali per esaltare il fascino della Polo Alfista. Un orologio elegante pu\u00f2 fungere da pezzo forte, mentre un paio di occhiali da sole eleganti aggiungono un tocco di raffinatezza. Le scarpe sono un altro elemento fondamentale: scegli delle sneakers per un look casual o delle scarpe eleganti per le occasioni pi\u00f9 formali. Anche cinture, cappelli e gioielli minimalisti possono essere integrati per aggiungere personalit\u00e0 ed estro al tuo outfit.<\/p>\n<p>Gli esperti di moda e i membri della comunit\u00e0 Alfista condividono spesso consigli utili per abbinare la Polo Alfista. Un suggerimento popolare \u00e8 quello di abbinare la polo a una giacca leggera o a un cardigan per aggiungere profondit\u00e0 e consistenza. Un altro consiglio \u00e8 quello di assicurarsi che la vestibilit\u00e0 sia giusta, n\u00e9 troppo stretta n\u00e9 troppo larga, per mantenere un aspetto pulito e curato.<\/p>\n<p>Incorporare questi consigli e tendenze di stile ti aiuter\u00e0 a sfruttare al meglio la Polo Alfista, assicurandoti di essere sempre alla moda e versatile in diverse occasioni.<\/p>\n","protected":false},"excerpt":{"rendered":"<p>Classica e fatta per durare nel tempo, questa polo unisex in piqu\u00e9 \u00e8 adatta a tutte le occasioni. \u00c8 realizzato in resistente tessuto piqu\u00e9 di cotone. La vestibilit\u00e0 rilassata e lusinghiera \u00e8 pensata per adattarsi a qualsiasi corporatura. Con il suo taglio classico e il colletto a vista, pu\u00f2 essere abbinato a stili sportivi, casual o pi\u00f9 formali.<\/p>\n<p>&#8211; 100% cotone filato ad anelli<br \/>\n&#8211; Peso del tessuto: 5,2 oz\/yd\u00b2 (176 g\/m\u00b2)<br \/>\n&#8211; Semi-allestito<br \/>\n&#8211; Costruzione con cuciture laterali<br \/>\n\u2022 Placket with dyed-to-match buttons<br \/>\n&#8211; Il tessuto \u00e8 certificato OEKO-TEX Standard 100<\/p>\n","protected":false},"featured_media":3423,"comment_status":"open","ping_status":"closed","template":"","meta":[],"product_brand":[],"product_cat":[187,228],"product_tag":[236],"class_list":{"0":"post-3864","1":"product","2":"type-product","3":"status-publish","4":"has-post-thumbnail","6":"product_cat-maglietta","7":"product_cat-polo-it","8":"product_tag-qv-it","10":"first","11":"instock","12":"shipping-taxable","13":"purchasable","14":"product-type-variable"},"_links":{"self":[{"href":"https:\/\/alfisti.rs\/it\/wp-json\/wp\/v2\/product\/3864","targetHints":{"allow":["GET"]}}],"collection":[{"href":"https:\/\/alfisti.rs\/it\/wp-json\/wp\/v2\/product"}],"about":[{"href":"https:\/\/alfisti.rs\/it\/wp-json\/wp\/v2\/types\/product"}],"replies":[{"embeddable":true,"href":"https:\/\/alfisti.rs\/it\/wp-json\/wp\/v2\/comments?post=3864"}],"wp:featuredmedia":[{"embeddable":true,"href":"https:\/\/alfisti.rs\/it\/wp-json\/wp\/v2\/media\/3423"}],"wp:attachment":[{"href":"https:\/\/alfisti.rs\/it\/wp-json\/wp\/v2\/media?parent=3864"}],"wp:term":[{"taxonomy":"product_brand","embeddable":true,"href":"https:\/\/alfisti.rs\/it\/wp-json\/wp\/v2\/product_brand?post=3864"},{"taxonomy":"product_cat","embeddable":true,"href":"https:\/\/alfisti.rs\/it\/wp-json\/wp\/v2\/product_cat?post=3864"},{"taxonomy":"product_tag","embeddable":true,"href":"https:\/\/alfisti.rs\/it\/wp-json\/wp\/v2\/product_tag?post=3864"}],"curies":[{"name":"wp","href":"https:\/\/api.w.org\/{rel}","templated":true}]}}