{"id":3825,"date":"2024-05-27T19:22:32","date_gmt":"2024-05-27T17:22:32","guid":{"rendered":"https:\/\/alfisti.rs\/shop\/need-money-for-giulia-qv\/"},"modified":"2024-05-29T15:24:31","modified_gmt":"2024-05-29T13:24:31","slug":"need-money-for-giulia-qv","status":"publish","type":"product","link":"https:\/\/alfisti.rs\/it\/shop\/maglietta\/need-money-for-giulia-qv\/","title":{"rendered":"Need money for Giulia QV"},"content":{"rendered":"<h2>Maglietta con scritto &#8220;Need Money for Giulia QV&#8221;.<\/h2>\n<p>Ti presentiamo la nostra esclusiva T-shirt con l&#8217;accattivante frase &#8220;Need Money for Giulia QV&#8221;. Questo design unico \u00e8 perfetto per gli appassionati di auto e per chi apprezza la bellezza e la potenza della Giulia QV.<\/p>\n<h2>Materiale di alta qualit\u00e0<\/h2>\n<p>La nostra maglietta \u00e8 realizzata con un tessuto di prima qualit\u00e0, morbido e traspirante che garantisce il massimo comfort. \u00c8 stato progettato per resistere all&#8217;usura regolare, rendendolo un&#8217;aggiunta durevole al tuo guardaroba.<\/p>\n<h2>Design unico<\/h2>\n<p>La parte anteriore della maglietta riporta la scritta in grassetto &#8220;Need Money for Giulia QV&#8221; in un carattere elegante, sottolineando il tuo amore per questa auto eccezionale. Il disegno \u00e8 stampato con un inchiostro di alta qualit\u00e0 che non sbiadisce e non si screpola, garantendo la massima vivacit\u00e0 anche dopo diversi lavaggi.<\/p>\n<p>Che tu stia partecipando a un raduno automobilistico, a un&#8217;uscita informale o semplicemente rilassandoti a casa, questa maglietta \u00e8 la scelta perfetta per esprimere la tua passione per la Giulia QV. \u00c8 anche un ottimo regalo per i colleghi appassionati di auto che condividono lo stesso amore per questo iconico veicolo.<\/p>\n<p>Available in various sizes, our T-shirt is suitable for both men and women. Quindi perch\u00e9 aspettare? Mostra il tuo amore per la Giulia QV e prendi la tua maglietta &#8220;Need Money for Giulia QV&#8221; oggi stesso!<\/p>\n","protected":false},"excerpt":{"rendered":"<p>Questa maglietta \u00e8 tutto ci\u00f2 che hai sempre sognato e anche di pi\u00f9. \u00c8 morbido e leggero, con la giusta dose di elasticit\u00e0. It&#8217;s comfortable and flattering for all.<\/p>\n<p>\u2022 100% combed and ring-spun cotton (Heather colors contain polyester)<br \/>\n\u2022 Fabric weight: 4.2 oz.\/yd.\u00b2 (142 g\/m\u00b2)<br \/>\n&#8211; Tessuto pre-ristretto<br \/>\n&#8211; Costruzione con cuciture laterali<br \/>\n\u2022 Shoulder-to-shoulder taping<\/p>\n","protected":false},"featured_media":3542,"comment_status":"open","ping_status":"closed","template":"","meta":[],"product_brand":[],"product_cat":[187],"product_tag":[269,236],"class_list":{"0":"post-3825","1":"product","2":"type-product","3":"status-publish","4":"has-post-thumbnail","6":"product_cat-maglietta","7":"product_tag-nmqv-it","8":"product_tag-qv-it","10":"first","11":"instock","12":"shipping-taxable","13":"purchasable","14":"product-type-variable"},"_links":{"self":[{"href":"https:\/\/alfisti.rs\/it\/wp-json\/wp\/v2\/product\/3825","targetHints":{"allow":["GET"]}}],"collection":[{"href":"https:\/\/alfisti.rs\/it\/wp-json\/wp\/v2\/product"}],"about":[{"href":"https:\/\/alfisti.rs\/it\/wp-json\/wp\/v2\/types\/product"}],"replies":[{"embeddable":true,"href":"https:\/\/alfisti.rs\/it\/wp-json\/wp\/v2\/comments?post=3825"}],"wp:featuredmedia":[{"embeddable":true,"href":"https:\/\/alfisti.rs\/it\/wp-json\/wp\/v2\/media\/3542"}],"wp:attachment":[{"href":"https:\/\/alfisti.rs\/it\/wp-json\/wp\/v2\/media?parent=3825"}],"wp:term":[{"taxonomy":"product_brand","embeddable":true,"href":"https:\/\/alfisti.rs\/it\/wp-json\/wp\/v2\/product_brand?post=3825"},{"taxonomy":"product_cat","embeddable":true,"href":"https:\/\/alfisti.rs\/it\/wp-json\/wp\/v2\/product_cat?post=3825"},{"taxonomy":"product_tag","embeddable":true,"href":"https:\/\/alfisti.rs\/it\/wp-json\/wp\/v2\/product_tag?post=3825"}],"curies":[{"name":"wp","href":"https:\/\/api.w.org\/{rel}","templated":true}]}}