{"id":3791,"date":"2024-05-27T20:33:21","date_gmt":"2024-05-27T18:33:21","guid":{"rendered":"https:\/\/alfisti.rs\/?post_type=product&#038;p=3791"},"modified":"2025-11-17T01:46:19","modified_gmt":"2025-11-17T00:46:19","slug":"alfista-it-shirt-2","status":"publish","type":"product","link":"https:\/\/alfisti.rs\/it\/shop\/maglietta\/alfista-it-shirt-2\/","title":{"rendered":"Alfista IT Shirt"},"content":{"rendered":"<h2>Resta elegante con la maglietta <a href=\"https:\/\/alfisti.rs\/home-2\/\">Alfista IT<\/a><\/h2>\n<p>Sei un orgoglioso <a href=\"https:\/\/alfisti.rs\/join-the-celebration-alfa-romeos-115th-anniversary\/\">Alfista<\/a>? Mostra il tuo amore per le auto e le corse italiane con la nostra <a href=\"https:\/\/alfisti.rs\/it\/\">esclusiva maglietta Alfista IT<\/a>. Questa t-shirt alla moda presenta l&#8217;iconico logo Alfista insieme ai colori vivaci della bandiera italiana, rendendola un must per ogni appassionato di auto.<\/p>\n<h2>Di alta qualit\u00e0 e confortevole<\/h2>\n<p>Realizzata con materiali di alta qualit\u00e0, la nostra maglietta Alfista IT \u00e8 progettata per offrire il massimo comfort e durata. Il tessuto morbido \u00e8 perfetto a contatto con la pelle, mentre la vestibilit\u00e0 comoda garantisce un look comodo e valorizzante sia per gli uomini che per le donne.<\/p>\n<h2>Perfetto per ogni occasione<\/h2>\n<p>Che tu stia partecipando a un raduno automobilistico, uscendo con gli amici o semplicemente facendo commissioni, la maglietta Alfista IT \u00e8 la scelta perfetta. Il suo design versatile ti consente di vestirlo su o gi\u00f9, rendendolo adatto a ogni occasione.<\/p>\n<p>Disponibile in una vasta gamma di taglie, la nostra camicia Alfista IT \u00e8 progettata per adattarsi a tutti i tipi di corporatura. Scegli la taglia che preferisci ed effettua l&#8217;ordine oggi stesso per aggiungere questa elegante t-shirt alla tua collezione.<\/p>\n","protected":false},"excerpt":{"rendered":"<p>Realizzata in 100% cotone organico filato ad anelli, questa maglietta unisex \u00e8 un must have assoluto. \u00c8 di alta qualit\u00e0, super confortevole e soprattutto ecologico.<\/p>\n<p>&#8211; 100% cotone organico filato ad anelli<br \/>\n&#8211; Peso del tessuto: 5,3 oz.\/yd.\u00b2 (180 g\/m\u00b2)<br \/>\n&#8211; Maglia singola<br \/>\n&#8211; Vestibilit\u00e0 media<br \/>\n\u2022 Set-in sleeves<br \/>\n\u2022 1 \u00d7 1 rib at collar<br \/>\n\u2022 Wide double-needle topstitch on the sleeves and bottom hems<br \/>\n\u2022 Self-fabric neck tape (inside, back of the neck)<\/p>\n<p>The sizes correspond to a smaller size in the US market, so US customers should order a size up.<\/p>\n","protected":false},"featured_media":3480,"comment_status":"open","ping_status":"closed","template":"","meta":[],"product_brand":[],"product_cat":[187],"product_tag":[],"class_list":{"0":"post-3791","1":"product","2":"type-product","3":"status-publish","4":"has-post-thumbnail","6":"product_cat-maglietta","8":"first","9":"instock","10":"shipping-taxable","11":"purchasable","12":"product-type-variable"},"_links":{"self":[{"href":"https:\/\/alfisti.rs\/it\/wp-json\/wp\/v2\/product\/3791","targetHints":{"allow":["GET"]}}],"collection":[{"href":"https:\/\/alfisti.rs\/it\/wp-json\/wp\/v2\/product"}],"about":[{"href":"https:\/\/alfisti.rs\/it\/wp-json\/wp\/v2\/types\/product"}],"replies":[{"embeddable":true,"href":"https:\/\/alfisti.rs\/it\/wp-json\/wp\/v2\/comments?post=3791"}],"wp:featuredmedia":[{"embeddable":true,"href":"https:\/\/alfisti.rs\/it\/wp-json\/wp\/v2\/media\/3480"}],"wp:attachment":[{"href":"https:\/\/alfisti.rs\/it\/wp-json\/wp\/v2\/media?parent=3791"}],"wp:term":[{"taxonomy":"product_brand","embeddable":true,"href":"https:\/\/alfisti.rs\/it\/wp-json\/wp\/v2\/product_brand?post=3791"},{"taxonomy":"product_cat","embeddable":true,"href":"https:\/\/alfisti.rs\/it\/wp-json\/wp\/v2\/product_cat?post=3791"},{"taxonomy":"product_tag","embeddable":true,"href":"https:\/\/alfisti.rs\/it\/wp-json\/wp\/v2\/product_tag?post=3791"}],"curies":[{"name":"wp","href":"https:\/\/api.w.org\/{rel}","templated":true}]}}