{"id":3375,"date":"2024-05-27T19:34:21","date_gmt":"2024-05-27T17:34:21","guid":{"rendered":"https:\/\/alfisti.rs\/shop\/alfista-qv-shirt\/"},"modified":"2024-07-09T11:01:37","modified_gmt":"2024-07-09T09:01:37","slug":"alfista-qv-shirt","status":"publish","type":"product","link":"https:\/\/alfisti.rs\/it\/shop\/maglietta\/alfista-qv-shirt\/","title":{"rendered":"Alfista QV Shirt"},"content":{"rendered":"<h2>Rimani alla moda con la camicia Alfista QV<\/h2>\n<p>Sei un orgoglioso Alfista? Show off your love for Italian cars and racing with our exclusive Alfista QV Shirt. Questa t-shirt alla moda presenta l&#8217;iconico logo Alfista insieme ai colori vivaci della bandiera italiana, rendendola un must per ogni appassionato di auto.<\/p>\n<h2>Di alta qualit\u00e0 e confortevole<\/h2>\n<p>Made from premium quality materials, our Alfista QV Shirt is designed to provide maximum comfort and durability. Il tessuto morbido \u00e8 perfetto a contatto con la pelle, mentre la vestibilit\u00e0 comoda garantisce un look comodo e valorizzante sia per gli uomini che per le donne.<\/p>\n<h2>Perfetto per ogni occasione<\/h2>\n<p>Che tu stia partecipando a un raduno di auto, uscendo con gli amici o semplicemente facendo delle commissioni, l&#8217;Alfista QV Shirt \u00e8 la scelta perfetta. Il suo design versatile ti consente di vestirlo su o gi\u00f9, rendendolo adatto a ogni occasione.<\/p>\n<p>Disponibile in diverse taglie, la nostra camicia Alfista QV \u00e8 progettata per adattarsi a tutte le corporature. Scegli la taglia che preferisci ed effettua l&#8217;ordine oggi stesso per aggiungere questa elegante t-shirt alla tua collezione.<\/p>\n","protected":false},"excerpt":{"rendered":"<p>Questa maglietta \u00e8 tutto ci\u00f2 che hai sempre sognato e anche di pi\u00f9. \u00c8 morbido e leggero, con la giusta dose di elasticit\u00e0. It&#8217;s comfortable and flattering for all.<\/p>\n<p>\u2022 100% combed and ring-spun cotton (Heather colors contain polyester)<br \/>\n\u2022 Fabric weight: 4.2 oz.\/yd.\u00b2 (142 g\/m\u00b2)<br \/>\n&#8211; Tessuto pre-ristretto<br \/>\n&#8211; Costruzione con cuciture laterali<br \/>\n\u2022 Shoulder-to-shoulder taping<\/p>\n","protected":false},"featured_media":3536,"comment_status":"open","ping_status":"closed","template":"","meta":[],"product_brand":[],"product_cat":[187],"product_tag":[236],"class_list":{"0":"post-3375","1":"product","2":"type-product","3":"status-publish","4":"has-post-thumbnail","6":"product_cat-maglietta","7":"product_tag-qv-it","9":"first","10":"instock","11":"shipping-taxable","12":"purchasable","13":"product-type-variable"},"_links":{"self":[{"href":"https:\/\/alfisti.rs\/it\/wp-json\/wp\/v2\/product\/3375","targetHints":{"allow":["GET"]}}],"collection":[{"href":"https:\/\/alfisti.rs\/it\/wp-json\/wp\/v2\/product"}],"about":[{"href":"https:\/\/alfisti.rs\/it\/wp-json\/wp\/v2\/types\/product"}],"replies":[{"embeddable":true,"href":"https:\/\/alfisti.rs\/it\/wp-json\/wp\/v2\/comments?post=3375"}],"wp:featuredmedia":[{"embeddable":true,"href":"https:\/\/alfisti.rs\/it\/wp-json\/wp\/v2\/media\/3536"}],"wp:attachment":[{"href":"https:\/\/alfisti.rs\/it\/wp-json\/wp\/v2\/media?parent=3375"}],"wp:term":[{"taxonomy":"product_brand","embeddable":true,"href":"https:\/\/alfisti.rs\/it\/wp-json\/wp\/v2\/product_brand?post=3375"},{"taxonomy":"product_cat","embeddable":true,"href":"https:\/\/alfisti.rs\/it\/wp-json\/wp\/v2\/product_cat?post=3375"},{"taxonomy":"product_tag","embeddable":true,"href":"https:\/\/alfisti.rs\/it\/wp-json\/wp\/v2\/product_tag?post=3375"}],"curies":[{"name":"wp","href":"https:\/\/api.w.org\/{rel}","templated":true}]}}