{"id":2626,"date":"2024-04-19T23:15:33","date_gmt":"2024-04-19T21:15:33","guid":{"rendered":"https:\/\/alfisti.rs\/shop\/quadrifoglio-red-snap-case-for-iphone\/"},"modified":"2024-06-12T15:06:52","modified_gmt":"2024-06-12T13:06:52","slug":"quadrifoglio-red-snap-case-for-iphone","status":"publish","type":"product","link":"https:\/\/alfisti.rs\/it\/shop\/cabina-telefonica\/iphone-it\/quadrifoglio-red-snap-case-for-iphone\/","title":{"rendered":"Quadrifoglio Red Snap case for iPhone\u00ae"},"content":{"rendered":"<h2>Proteggi il tuo telefono con stile<\/h2>\n<p>Introducing our premium phone case designed for all Alfa Romeo style lovers. Con il suo design elegante e il logo &#8220;Quadrifoglio&#8221;, questa custodia \u00e8 l&#8217;accessorio perfetto per ogni appassionato di Alfa Romeo.<\/p>\n<h2>Lightweight and Durable<\/h2>\n<p>Nonostante la sua struttura leggera, questa custodia \u00e8 costruita per durare nel tempo. Realizzato con materiali di alta qualit\u00e0, offre un&#8217;eccellente protezione per il tuo telefono senza aggiungere inutili ingombri. Se sei in viaggio o vuoi semplicemente mostrare il tuo amore per l&#8217;Alfa Romeo, questa valigetta ti copre.<\/p>\n<h2>Tieni il tuo telefono al sicuro<\/h2>\n<p>Sappiamo quanto sia importante proteggere il tuo telefono da graffi, urti e usura quotidiana. Ecco perch\u00e9 la nostra custodia premium offre una protezione affidabile per il tuo dispositivo. The precise cutouts ensure easy access to all buttons and ports, while the raised edges provide added screen and camera protection.<\/p>\n<p>Quindi perch\u00e9 scendere a compromessi sullo stile o sulla protezione? Ottieni il meglio di entrambi i mondi con la nostra custodia per telefono di alta qualit\u00e0 progettata per gli appassionati di Alfa Romeo. Order yours today and give your phone the stylish and protective upgrade it deserves.<\/p>\n","protected":false},"excerpt":{"rendered":"<p>Questo custodia per telefono di alta qualit\u00e0 \u00e8 pensata per tutti gli amanti dello stile minimalista. \u00c8 elegante e leggera ma sicuramente far\u00e0 il suo lavoro quando si tratta di proteggere il tuo telefono.<br \/>\n\u2022 Realizzato in materiale policarbonato (PC)<br \/>\n\u2022 Compatibile con la ricarica wireless<br \/>\n\u2022 Aperture delle porte allineate con precisione<\/p>\n<p>Disclaimer: Tenere lontano dai liquidi contenenti elevate concentrazioni di alcool, poich\u00e9 i disegni sulla cover del telefono potrebbero sbiadirsi. Tenere lontano dalla luce solare diretta per evitare il ingiallimento.<br \/>\nImportante: Questo prodotto \u00e8 disponibile solo negli Stati Uniti, in Canada, in Europa, nel Regno Unito, in Australia e in Nuova Zelanda. Per favore, scegli un prodotto diverso se il tuo indirizzo di spedizione si trova al di fuori di queste regioni.<\/p>\n","protected":false},"featured_media":1649,"comment_status":"open","ping_status":"closed","template":"","meta":[],"product_brand":[],"product_cat":[185,181],"product_tag":[],"class_list":{"0":"post-2626","1":"product","2":"type-product","3":"status-publish","4":"has-post-thumbnail","6":"product_cat-cabina-telefonica","7":"product_cat-iphone-it","9":"first","10":"instock","11":"shipping-taxable","12":"purchasable","13":"product-type-variable"},"_links":{"self":[{"href":"https:\/\/alfisti.rs\/it\/wp-json\/wp\/v2\/product\/2626","targetHints":{"allow":["GET"]}}],"collection":[{"href":"https:\/\/alfisti.rs\/it\/wp-json\/wp\/v2\/product"}],"about":[{"href":"https:\/\/alfisti.rs\/it\/wp-json\/wp\/v2\/types\/product"}],"replies":[{"embeddable":true,"href":"https:\/\/alfisti.rs\/it\/wp-json\/wp\/v2\/comments?post=2626"}],"wp:featuredmedia":[{"embeddable":true,"href":"https:\/\/alfisti.rs\/it\/wp-json\/wp\/v2\/media\/1649"}],"wp:attachment":[{"href":"https:\/\/alfisti.rs\/it\/wp-json\/wp\/v2\/media?parent=2626"}],"wp:term":[{"taxonomy":"product_brand","embeddable":true,"href":"https:\/\/alfisti.rs\/it\/wp-json\/wp\/v2\/product_brand?post=2626"},{"taxonomy":"product_cat","embeddable":true,"href":"https:\/\/alfisti.rs\/it\/wp-json\/wp\/v2\/product_cat?post=2626"},{"taxonomy":"product_tag","embeddable":true,"href":"https:\/\/alfisti.rs\/it\/wp-json\/wp\/v2\/product_tag?post=2626"}],"curies":[{"name":"wp","href":"https:\/\/api.w.org\/{rel}","templated":true}]}}