{"id":2595,"date":"2024-04-30T14:14:53","date_gmt":"2024-04-30T12:14:53","guid":{"rendered":"https:\/\/alfisti.rs\/?post_type=product&#038;p=2595"},"modified":"2024-05-04T15:13:41","modified_gmt":"2024-05-04T13:13:41","slug":"quadrifoglio-2-mug","status":"publish","type":"product","link":"https:\/\/alfisti.rs\/it\/shop\/boccale\/quadrifoglio-2-mug\/","title":{"rendered":"Quadrifoglio 2 Mug"},"content":{"rendered":"<h2>Tazza lucida con logo Quadrifoglio<\/h2>\n<p>Inizia la giornata con un tocco di eleganza e stile italiano con la nostra tazza lucida con l&#8217;iconico logo del Quadrifoglio. Questa tazza elegante e sofisticata \u00e8 l&#8217;aggiunta perfetta alla tua routine mattutina o un ottimo regalo per tutti gli appassionati di auto.<\/p>\n<p>La finitura lucida della tazza aggiunge un tocco di lusso, rendendola un pezzo forte in cucina o in ufficio. The Quadrifoglio logo, a symbol of Alfa Romeo&#8217;s racing heritage, adds a unique and stylish touch to the mug, showcasing your passion for high-performance vehicles.<\/p>\n<p>Questa tazza non solo \u00e8 esteticamente accattivante, ma offre anche praticit\u00e0 e durata. Realizzato in ceramica di alta qualit\u00e0, \u00e8 adatto sia al microonde che alla lavastoviglie, per garantire praticit\u00e0 e facilit\u00e0 di manutenzione. Le dimensioni generose della tazza consentono di servire abbondantemente la tua bevanda calda preferita, che sia un espresso forte o una confortante tazza di t\u00e8.<\/p>\n<p>Se sei un appassionato di auto, un fan dell&#8217;Alfa Romeo o semplicemente apprezzi il design, la nostra tazza lucida con il logo Quadrifoglio \u00e8 un oggetto imperdibile. Start your day in style and enjoy your favorite drink in a mug that reflects your passion and taste.<\/p>\n","protected":false},"excerpt":{"rendered":"<p>Che tu stia bevendo il caff\u00e8 del mattino, il t\u00e8 della sera o una via di mezzo, questa tazza fa al caso tuo! It&#8217;s sturdy and glossy with a vivid print that&#8217;ll withstand the microwave and dishwasher.<\/p>\n<ul>\n<li>Ceramic<\/li>\n<li>11 oz mug dimensions: 3.8\u2033 (9.6 cm) in height, 3.2\u2033 (8.2 cm) in diameter<\/li>\n<li>Dimensioni della tazza da 15 once: 4,7\u2033 (11,9 cm) di altezza, 3,3\u2033 (8,5 cm) di diametro<\/li>\n<li>Dimensioni della tazza da 20 once: 4,3\u2033 (10,9 cm) di altezza, 3,7\u2033 (9,3 cm) di diametro<\/li>\n<li>Adatto a lavastoviglie e microonde<\/li>\n<\/ul>\n","protected":false},"featured_media":2210,"comment_status":"open","ping_status":"closed","template":"","meta":[],"product_brand":[],"product_cat":[184],"product_tag":[236],"class_list":{"0":"post-2595","1":"product","2":"type-product","3":"status-publish","4":"has-post-thumbnail","6":"product_cat-boccale","7":"product_tag-qv-it","9":"first","10":"instock","11":"shipping-taxable","12":"purchasable","13":"product-type-variable"},"_links":{"self":[{"href":"https:\/\/alfisti.rs\/it\/wp-json\/wp\/v2\/product\/2595","targetHints":{"allow":["GET"]}}],"collection":[{"href":"https:\/\/alfisti.rs\/it\/wp-json\/wp\/v2\/product"}],"about":[{"href":"https:\/\/alfisti.rs\/it\/wp-json\/wp\/v2\/types\/product"}],"replies":[{"embeddable":true,"href":"https:\/\/alfisti.rs\/it\/wp-json\/wp\/v2\/comments?post=2595"}],"wp:featuredmedia":[{"embeddable":true,"href":"https:\/\/alfisti.rs\/it\/wp-json\/wp\/v2\/media\/2210"}],"wp:attachment":[{"href":"https:\/\/alfisti.rs\/it\/wp-json\/wp\/v2\/media?parent=2595"}],"wp:term":[{"taxonomy":"product_brand","embeddable":true,"href":"https:\/\/alfisti.rs\/it\/wp-json\/wp\/v2\/product_brand?post=2595"},{"taxonomy":"product_cat","embeddable":true,"href":"https:\/\/alfisti.rs\/it\/wp-json\/wp\/v2\/product_cat?post=2595"},{"taxonomy":"product_tag","embeddable":true,"href":"https:\/\/alfisti.rs\/it\/wp-json\/wp\/v2\/product_tag?post=2595"}],"curies":[{"name":"wp","href":"https:\/\/api.w.org\/{rel}","templated":true}]}}