{"id":1932,"date":"2024-04-18T15:45:30","date_gmt":"2024-04-18T13:45:30","guid":{"rendered":"https:\/\/alfisti.rs\/?page_id=1932"},"modified":"2024-12-15T15:09:50","modified_gmt":"2024-12-15T14:09:50","slug":"termini-e-condizioni","status":"publish","type":"page","link":"https:\/\/alfisti.rs\/it\/termini-e-condizioni\/","title":{"rendered":"Termini e Condizioni"},"content":{"rendered":"\t\t<div data-elementor-type=\"wp-page\" data-elementor-id=\"1932\" class=\"elementor elementor-1932 elementor-142\" data-elementor-post-type=\"page\">\n\t\t\t\t<div class=\"elementor-element elementor-element-2f34a02f e-flex e-con-boxed e-con e-parent\" data-id=\"2f34a02f\" data-element_type=\"container\" data-e-type=\"container\">\n\t\t\t\t\t<div class=\"e-con-inner\">\n\t\t\t\t<div class=\"elementor-element elementor-element-9a0e311 elementor-widget elementor-widget-heading\" data-id=\"9a0e311\" data-element_type=\"widget\" data-e-type=\"widget\" data-widget_type=\"heading.default\">\n\t\t\t\t\t<h1 class=\"elementor-heading-title elementor-size-default\">Termini e Condizioni<\/h1>\t\t\t\t<\/div>\n\t\t\t\t<div class=\"elementor-element elementor-element-384aadfd elementor-widget elementor-widget-text-editor\" data-id=\"384aadfd\" data-element_type=\"widget\" data-e-type=\"widget\" data-widget_type=\"text-editor.default\">\n\t\t\t\t\t\t\t\t\t<p>Benvenuti su Alfisti.rs!<\/p>\n<p>Questi termini e condizioni delineano le regole e i regolamenti per l&#8217;uso del Sito Web di Alfisti.rs, situato all&#8217;indirizzo https:\/\/Alfisti.rs.<\/p>\n<p>Accedendo a questo sito web, assumiamo che accetti questi termini e condizioni. Non continuare a utilizzare Alfisti.rs se non accetti di prendere tutti i termini e le condizioni indicati in questa pagina.<\/p>\n<p><strong>Cookie:<\/strong><\/p>\n<p>Il sito web utilizza i cookie per aiutare a personalizzare la tua esperienza online. Accedendo ad Alfisti.rs, hai accettato di utilizzare i cookie necessari.<\/p>\n<p>Un cookie \u00e8 un file di testo che viene posizionato sul tuo disco rigido da un server di pagina web. I cookie non possono essere utilizzati per eseguire programmi o trasmettere virus al tuo computer. I cookie vengono assegnati in modo univoco a te e possono essere letti solo da un server web nel dominio che ha emesso il cookie a te.<\/p>\n<p>Possiamo utilizzare i cookie per raccogliere, memorizzare e tracciare informazioni per scopi statistici o di marketing per il funzionamento del nostro sito web. Hai la possibilit\u00e0 di accettare o rifiutare i cookie facoltativi. Ci sono alcuni cookie necessari che sono indispensabili per il funzionamento del nostro sito web. Questi cookie non richiedono il tuo consenso in quanto funzionano sempre. Tieni presente che accettando i cookie necessari, accetti anche i cookie di terze parti, che potrebbero essere utilizzati tramite servizi forniti da terze parti se utilizzi tali servizi sul nostro sito web, ad esempio, una finestra di visualizzazione video fornita da terze parti e integrata nel nostro sito web.<\/p>\n<p><strong>Licenza:<\/strong><\/p>\n<p>Salvo diversamente specificato, Arcezio e\/o i suoi licenzianti possiedono i diritti di propriet\u00e0 intellettuale per tutto il materiale su Alfisti.rs. Tutti i diritti di propriet\u00e0 intellettuale sono riservati. Puoi accedere a questo materiale da Alfisti.rs per il tuo uso personale soggetto alle restrizioni stabilite in questi termini e condizioni.<\/p>\n<p><strong>Non devi:<\/strong><\/p>\n<ul>\n<li>Copiare o ripubblicare materiale da Alfisti.rs<\/li>\n<li>Vendere, affittare o concedere in sublicenza materiale da Alfisti.rs<\/li>\n<li>Riprodurre, duplicare o copiare materiale da Alfisti.rs<\/li>\n<li>Ridistribuire contenuti da Alfisti.rs<\/li>\n<\/ul>\n<p><strong>Questo Accordo avr\u00e0 inizio dalla data odierna.<\/strong><\/p>\n<p>Alcune parti di questo sito web offrono agli utenti l&#8217;opportunit\u00e0 di pubblicare e scambiare opinioni e informazioni in determinate aree del sito web. Arcezio non filtra, modifica, pubblica o esamina i commenti prima della loro presenza sul sito web. I commenti non riflettono le opinioni di Arcezio, dei suoi agenti e\/o affiliati. I commenti riflettono le opinioni della persona che pubblica le proprie opinioni. Nella misura consentita dalle leggi applicabili, Arcezio non sar\u00e0 responsabile dei commenti o di qualsiasi responsabilit\u00e0, danni o spese causati e\/o subiti a seguito di qualsiasi utilizzo e\/o pubblicazione e\/o apparizione dei commenti su questo sito web.<\/p>\n<p>Arcezio si riserva il diritto di monitorare tutti i commenti e rimuovere qualsiasi commento che possa essere considerato inappropriato, offensivo o che violi questi Termini e Condizioni.<\/p>\n<p><strong>Dichiari e rappresenti che:<\/strong><\/p>\n<p>Hai il diritto di pubblicare i commenti sul nostro sito web e hai tutte le licenze e i consensi necessari per farlo;<br \/>I commenti non violano alcun diritto di propriet\u00e0 intellettuale, compresi, a titolo esemplificativo, i diritti d&#8217;autore, brevetti o marchi di terzi;<br \/>I commenti non contengono materiale diffamatorio, calunnioso, offensivo, indecente o altrimenti illecito, che costituisca un&#8217;invasione della privacy.<br \/>I commenti non saranno utilizzati per sollecitare o promuovere affari o clienti o presentare attivit\u00e0 commerciali o attivit\u00e0 illegali.<\/p>\n<p>Con la presente concedi ad Arcezio una licenza non esclusiva per utilizzare, riprodurre, modificare e autorizzare altri a utilizzare, riprodurre e modificare i tuoi commenti in qualsiasi forma, formato o supporto.<\/p>\n<p><strong>Hyperlinking to our Content:<\/strong><\/p>\n<p>Le seguenti organizzazioni possono collegarsi al nostro sito web senza preventiva approvazione scritta:<\/p>\n<ul>\n<li>Agenzie governative;<\/li>\n<li>Motori di ricerca;<\/li>\n<li>Organizzazioni di notizie;<\/li>\n<li>I distributori di directory online possono collegarsi al nostro sito web allo stesso modo in cui collegano ai siti web di altre attivit\u00e0 elencate; e<\/li>\n<li>Le imprese accreditate a livello di sistema, ad eccezione delle organizzazioni non profit che fanno richieste, centri commerciali di beneficenza e gruppi di raccolta fondi di beneficenza che potrebbero non collegarsi al nostro sito web.<\/li>\n<\/ul>\n<p>Queste organizzazioni possono collegarsi alla nostra home page, alle pubblicazioni o ad altre informazioni sul sito web, purch\u00e9 il collegamento: (a) non sia in alcun modo ingannevole; (b) non implichi falsamente il patrocinio, l&#8217;approvazione o l&#8217;approvazione della parte che collega e dei suoi prodotti e\/o servizi; e (c) rientri nel contesto del sito della parte che collega.<\/p>\n<p>Potremmo prendere in considerazione e approvare altre richieste di collegamento dai seguenti tipi di organizzazioni:<\/p>\n<ul>\n<li>Fonti di informazioni sui consumatori e\/o sulle attivit\u00e0 commerciali ampiamente conosciute;<\/li>\n<li>Siti delle comunit\u00e0 Dot.com;<\/li>\n<li>Associazioni o altri gruppi che rappresentano enti di beneficenza;<\/li>\n<li>Distributori di directory online;<\/li>\n<li>Portali internet;<\/li>\n<li>Firme di contabilit\u00e0, legali e di consulenza; e<\/li>\n<li>Istituti educativi e associazioni commerciali.<\/li>\n<\/ul>\n<p>Approveremo le richieste di collegamento da parte di queste organizzazioni se decidiamo che: (a) il collegamento non ci renderebbe sfavorevoli nei confronti nostri o delle nostre attivit\u00e0 accreditate; (b) l&#8217;organizzazione non ha alcun record negativo con noi; (c) il beneficio per noi dalla visibilit\u00e0 del collegamento compensa l&#8217;assenza di Arcezio; e (d) il collegamento \u00e8 nel contesto di informazioni generali sulle risorse.<\/p>\n<p>Queste organizzazioni possono collegarsi alla nostra home page purch\u00e9 il collegamento: (a) non sia in alcun modo ingannevole; (b) non implichi falsamente il patrocinio, l&#8217;approvazione o l&#8217;approvazione della parte che collega e dei suoi prodotti o servizi; e (c) rientri nel contesto del sito della parte che collega.<\/p>\n<p>Se fai parte delle organizzazioni elencate nel paragrafo 2 sopra e sei interessato a collegarti al nostro sito web, devi informarci inviando un&#8217;e-mail a Arcezio. Si prega di includere il tuo nome, il nome dell&#8217;organizzazione, le informazioni di contatto, nonch\u00e9 l&#8217;URL del tuo sito, un elenco di tutti gli URL da cui intendi collegarti al nostro sito web e un elenco degli URL del nostro sito a cui desideri collegarti. Attendi 2-3 settimane per una risposta.<\/p>\n<p>Le organizzazioni approvate possono collegarsi al nostro sito web come segue:<\/p>\n<ul>\n<li>Utilizzando il nostro nome aziendale;<\/li>\n<li>Utilizzando l&#8217;URL del sito web a cui si fa riferimento;<\/li>\n<li>Utilizzando qualsiasi altra descrizione del nostro sito web a cui si fa riferimento che abbia senso all&#8217;interno del contesto e del formato del contenuto sul sito della parte che effettua il collegamento.<\/li>\n<\/ul>\n<p>Non sar\u00e0 consentito l&#8217;utilizzo del logo di Arcezio o di altre opere d&#8217;arte per il collegamento in assenza di un accordo di licenza del marchio.<\/p>\n<p id=\"tw-target-text\" class=\"tw-data-text tw-text-large tw-ta\" dir=\"ltr\" data-placeholder=\"Translation\" aria-label=\"Translated text\" data-ved=\"2ahUKEwjB77jzitiFAxWWA9sEHSyjBgEQ3ewLegQIBRAT\"><strong><span class=\"Y2IQFc\" lang=\"it\">Responsabilit\u00e0 sui contenuti:<\/span><\/strong><\/p>\n<p>Non saremo ritenuti responsabili per alcun contenuto che appare sul tuo sito web. Accetti di proteggerci e difenderci da tutte le rivendicazioni che vengono sollevate sul tuo sito web. Nessun link dovrebbe comparire su nessun sito web che potrebbe essere interpretato come diffamatorio, osceno o criminale, o che viola, in altro modo, o fa l&#8217;apologia della violazione o dell&#8217;altro tipo di violazione dei diritti di terzi.<\/p>\n<p id=\"tw-target-text\" class=\"tw-data-text tw-text-large tw-ta\" dir=\"ltr\" data-placeholder=\"Translation\" aria-label=\"Translated text\" data-ved=\"2ahUKEwjB77jzitiFAxWWA9sEHSyjBgEQ3ewLegQIBRAT\"><strong><span class=\"Y2IQFc\" lang=\"it\">Riserva di diritti:<\/span><\/strong><\/p>\n<p>Ci riserviamo il diritto di richiedere la rimozione di tutti i link o di un particolare link al nostro sito web. Accetti di rimuovere immediatamente tutti i link al nostro sito web su richiesta. Ci riserviamo inoltre il diritto di modificare questi termini e condizioni e la nostra politica di collegamento in qualsiasi momento. Continuando a collegarti al nostro sito web, accetti di essere vincolato e di seguire questi termini e condizioni di collegamento.<\/p>\n<div class=\"flex flex-grow flex-col max-w-full\">\n<div class=\"min-h-[20px] text-message flex flex-col items-start gap-3 whitespace-pre-wrap break-words [.text-message+&amp;]:mt-5 overflow-x-auto\" dir=\"auto\" data-message-author-role=\"assistant\" data-message-id=\"79728410-4cb1-448c-b952-6d22ab19ea49\">\n<div class=\"markdown prose w-full break-words dark:prose-invert dark\">\n<p><strong>La rimozione dei link dal nostro sito web:<\/strong><\/p>\n<p>Se trovi un link sul nostro sito web che per qualsiasi motivo risulta offensivo, sei libero di contattarci e informarci in qualsiasi momento. Valuteremo le richieste di rimozione dei link, ma non siamo obbligati a farlo o a risponderti direttamente.<\/p>\n<p>Non garantiamo che le informazioni su questo sito web siano corrette. Non garantiamo la completezza o l&#8217;accuratezza delle informazioni, n\u00e9 promettiamo di garantire che il sito web rimanga disponibile o che il materiale sul sito web sia aggiornato.<\/p>\n<\/div>\n<\/div>\n<\/div>\n<p><strong>Esclusione di responsabilit\u00e0:<\/strong><\/p>\n<p>Nella misura massima consentita dalla legge applicabile, escludiamo tutte le rappresentazioni, le garanzie e le condizioni relative al nostro sito web e all&#8217;uso di questo sito web. Nulla in questo avviso legale:<\/p>\n<ul>\n<li>Limita o esclude la nostra o la tua responsabilit\u00e0 per morte o lesioni personali;<\/li>\n<li>Limita o esclude la nostra o la tua responsabilit\u00e0 per frode o rappresentazione fraudolenta;<\/li>\n<li>Limita in alcun modo una delle nostre o delle tue responsabilit\u00e0 che non \u00e8 consentita dalla legge applicabile; o<\/li>\n<li>Esclude qualsiasi delle nostre o delle tue responsabilit\u00e0 che non possono essere escluse ai sensi della legge applicabile.<\/li>\n<\/ul>\n<p>Le limitazioni e le prohibitions della responsabilit\u00e0 stabilite in questa Sezione e altrove in questo avviso legale: (a) sono soggette al paragrafo precedente; e (b) disciplinano tutte le responsabilit\u00e0 derivanti dall&#8217;avviso legale, comprese le responsabilit\u00e0 derivanti dal contratto, dalla torto e per violazione di obblighi di legge.<\/p>\n<p>Finch\u00e9 il sito web e le informazioni e i servizi sul sito web sono forniti gratuitamente, non saremo responsabili per alcuna perdita o danno di qualsiasi natura.<\/p>\n<p>\u00a0<\/p>\t\t\t\t\t\t\t\t<\/div>\n\t\t\t\t\t<\/div>\n\t\t\t\t<\/div>\n\t\t\t\t<\/div>\n\t\t","protected":false},"excerpt":{"rendered":"<p>Benvenuti su Alfisti.rs! Questi termini e condizioni delineano le regole e i regolamenti per l&#8217;uso del Sito Web di Alfisti.rs, situato all&#8217;indirizzo https:\/\/Alfisti.rs. Accedendo a questo sito web, assumiamo che accetti questi termini e condizioni. Non continuare a utilizzare Alfisti.rs se non accetti di prendere tutti i termini e le condizioni indicati in questa pagina. [&hellip;]<\/p>\n","protected":false},"author":1,"featured_media":0,"parent":0,"menu_order":0,"comment_status":"closed","ping_status":"closed","template":"","meta":{"footnotes":""},"class_list":["post-1932","page","type-page","status-publish","hentry"],"_links":{"self":[{"href":"https:\/\/alfisti.rs\/it\/wp-json\/wp\/v2\/pages\/1932","targetHints":{"allow":["GET"]}}],"collection":[{"href":"https:\/\/alfisti.rs\/it\/wp-json\/wp\/v2\/pages"}],"about":[{"href":"https:\/\/alfisti.rs\/it\/wp-json\/wp\/v2\/types\/page"}],"author":[{"embeddable":true,"href":"https:\/\/alfisti.rs\/it\/wp-json\/wp\/v2\/users\/1"}],"replies":[{"embeddable":true,"href":"https:\/\/alfisti.rs\/it\/wp-json\/wp\/v2\/comments?post=1932"}],"version-history":[{"count":0,"href":"https:\/\/alfisti.rs\/it\/wp-json\/wp\/v2\/pages\/1932\/revisions"}],"wp:attachment":[{"href":"https:\/\/alfisti.rs\/it\/wp-json\/wp\/v2\/media?parent=1932"}],"curies":[{"name":"wp","href":"https:\/\/api.w.org\/{rel}","templated":true}]}}