{"id":1918,"date":"2024-04-18T15:45:31","date_gmt":"2024-04-18T13:45:31","guid":{"rendered":"https:\/\/alfisti.rs\/?page_id=1918"},"modified":"2024-12-15T15:09:30","modified_gmt":"2024-12-15T14:09:30","slug":"politica-sulla-riservatezza","status":"publish","type":"page","link":"https:\/\/alfisti.rs\/it\/politica-sulla-riservatezza\/","title":{"rendered":"Politica sulla riservatezza"},"content":{"rendered":"\t\t<div data-elementor-type=\"wp-page\" data-elementor-id=\"1918\" class=\"elementor elementor-1918 elementor-148\" data-elementor-post-type=\"page\">\n\t\t\t\t<div class=\"elementor-element elementor-element-59f5b6cb e-flex e-con-boxed e-con e-parent\" data-id=\"59f5b6cb\" data-element_type=\"container\" data-e-type=\"container\">\n\t\t\t\t\t<div class=\"e-con-inner\">\n\t\t\t\t<div class=\"elementor-element elementor-element-742f4e35 elementor-widget elementor-widget-heading\" data-id=\"742f4e35\" data-element_type=\"widget\" data-e-type=\"widget\" data-widget_type=\"heading.default\">\n\t\t\t\t\t<h1 class=\"elementor-heading-title elementor-size-default\">Politica sulla riservatezza<\/h1>\t\t\t\t<\/div>\n\t\t\t\t<div class=\"elementor-element elementor-element-371e790b elementor-widget elementor-widget-text-editor\" data-id=\"371e790b\" data-element_type=\"widget\" data-e-type=\"widget\" data-widget_type=\"text-editor.default\">\n\t\t\t\t\t\t\t\t\t<p>Il sito web alfisti.rs \u00e8 di propriet\u00e0 di Arcezio, che \u00e8 il responsabile del trattamento dei tuoi dati personali.<\/p><p>Abbiamo adottato questa Informativa sulla privacy, che determina come stiamo elaborando le informazioni raccolte da alfisti.rs, che fornisce anche le ragioni per cui dobbiamo raccogliere determinati dati personali su di te. Pertanto, devi leggere questa Informativa sulla privacy prima di utilizzare il sito web alfisti.rs.<\/p><p>Ci prendiamo cura dei tuoi dati personali e ci impegniamo a garantirne la riservatezza e la sicurezza.<\/p><p><strong>Informazioni personali che raccogliamo:<\/strong><\/p><p>Quando visiti alfisti.rs, raccogliamo automaticamente alcune informazioni sul tuo dispositivo, inclusi informazioni sul tuo browser web, indirizzo IP, fuso orario e alcuni dei cookie installati sul tuo dispositivo. Inoltre, durante la navigazione nel sito, raccogliamo informazioni sulle singole pagine web o sui prodotti che visualizzi, su quali siti web o termini di ricerca ti hanno indirizzato al sito e su come interagisci con il sito. Ci riferiamo a queste informazioni raccolte automaticamente come &#8220;Informazioni sul dispositivo&#8221;. Inoltre, potremmo raccogliere i dati personali che ci fornisci (inclusi, ma non limitati a nome, cognome, indirizzo, informazioni di pagamento, ecc.) durante la registrazione per poter adempiere all&#8217;accordo.<\/p><p><strong>Perch\u00e9 elaboriamo i tuoi dati?<\/strong><\/p><p>La nostra priorit\u00e0 assoluta \u00e8 la sicurezza dei dati dei clienti e, pertanto, possiamo elaborare solo dati utente minimi, solo quanto sia assolutamente necessario per mantenere il sito web. Le informazioni raccolte automaticamente vengono utilizzate solo per identificare eventuali casi di abuso e stabilire informazioni statistiche sull&#8217;utilizzo del sito web. Queste informazioni statistiche non vengono altrimenti aggregate in modo tale da identificare un utente specifico del sistema.<\/p><p>Puoi visitare il sito web senza dirci chi sei o rivelare alcuna informazione, mediante la quale qualcuno potrebbe identificarti come individuo specifico e identificabile. Tuttavia, se desideri utilizzare alcune delle funzionalit\u00e0 del sito web o desideri ricevere la nostra newsletter o fornire altri dettagli compilando un modulo, potresti fornirci dati personali, come la tua email, nome, cognome, citt\u00e0 di residenza, organizzazione, numero di telefono. Puoi scegliere di non fornirci i tuoi dati personali, ma potresti non essere in grado di usufruire di alcune delle funzionalit\u00e0 del sito web. Ad esempio, non potrai ricevere la nostra Newsletter o contattarci direttamente dal sito web. Gli utenti che sono incerti su quali informazioni siano obbligatorie sono invitati a contattarci tramite <a target=\"_new\">hello@alfisti.rs<\/a>.<\/p><p><strong>I tuoi diritti:<\/strong><\/p><p>Se sei un residente europeo, hai i seguenti diritti relativi ai tuoi dati personali:<\/p><p>Il diritto di essere informato. Il diritto di accesso. Il diritto di rettifica. Il diritto all&#8217;oblio. Il diritto di limitare il trattamento. Il diritto alla portabilit\u00e0 dei dati. Il diritto di opporsi. Diritti relativi alla decisione automatizzata e al profilaggio.<\/p><p>Se desideri esercitare questo diritto, ti preghiamo di contattarci tramite le informazioni di contatto di seguito.<\/p><p>Inoltre, se sei un residente europeo, ti informiamo che stiamo elaborando le tue informazioni per adempiere a contratti che potremmo avere con te (ad esempio, se effettui un ordine tramite il sito), o in altro modo per perseguire i nostri legittimi interessi commerciali elencati sopra. Inoltre, si prega di notare che le tue informazioni potrebbero essere trasferite al di fuori dell&#8217;Europa, incluso il Canada e gli Stati Uniti.<\/p><p><strong>Link ad altri siti web:<\/strong><\/p><p>Il nostro sito web pu\u00f2 contenere collegamenti ad altri siti web che non sono di nostra propriet\u00e0 o controllati da noi. Si prega di notare che non siamo responsabili per tali altri siti web o pratiche sulla privacy di terze parti. Ti incoraggiamo a essere consapevole quando lasci il nostro sito web e a leggere le dichiarazioni sulla privacy di ciascun sito web che potrebbe raccogliere informazioni personali.<\/p><p><strong>Sicurezza delle informazioni:<\/strong><\/p><p>Proteggiamo le informazioni che fornisci su server informatici in un ambiente controllato e sicuro, protetto da accessi, utilizzi o divulgazioni non autorizzati. Manteniamo ragionevoli garanzie amministrative, tecniche e fisiche per proteggere contro accessi, utilizzi, modifiche e divulgazioni non autorizzati di dati personali sotto il nostro controllo e custodia. Tuttavia, nessuna trasmissione di dati su Internet o rete wireless pu\u00f2 essere garantita.<\/p><p><strong>Informazioni di contatto:<\/strong><\/p><p>Se desideri contattarci per comprendere meglio questa Informativa o desideri contattarci per qualsiasi questione relativa ai diritti individuali e alle tue informazioni personali, puoi inviare un&#8217;email a hello@alfisti.rs.<\/p>\t\t\t\t\t\t\t\t<\/div>\n\t\t\t\t\t<\/div>\n\t\t\t\t<\/div>\n\t\t\t\t<\/div>\n\t\t","protected":false},"excerpt":{"rendered":"<p>Il sito web alfisti.rs \u00e8 di propriet\u00e0 di Arcezio, che \u00e8 il responsabile del trattamento dei tuoi dati personali. Abbiamo adottato questa Informativa sulla privacy, che determina come stiamo elaborando le informazioni raccolte da alfisti.rs, che fornisce anche le ragioni per cui dobbiamo raccogliere determinati dati personali su di te. Pertanto, devi leggere questa Informativa [&hellip;]<\/p>\n","protected":false},"author":1,"featured_media":0,"parent":0,"menu_order":0,"comment_status":"closed","ping_status":"closed","template":"","meta":{"footnotes":""},"class_list":["post-1918","page","type-page","status-publish","hentry"],"_links":{"self":[{"href":"https:\/\/alfisti.rs\/it\/wp-json\/wp\/v2\/pages\/1918","targetHints":{"allow":["GET"]}}],"collection":[{"href":"https:\/\/alfisti.rs\/it\/wp-json\/wp\/v2\/pages"}],"about":[{"href":"https:\/\/alfisti.rs\/it\/wp-json\/wp\/v2\/types\/page"}],"author":[{"embeddable":true,"href":"https:\/\/alfisti.rs\/it\/wp-json\/wp\/v2\/users\/1"}],"replies":[{"embeddable":true,"href":"https:\/\/alfisti.rs\/it\/wp-json\/wp\/v2\/comments?post=1918"}],"version-history":[{"count":0,"href":"https:\/\/alfisti.rs\/it\/wp-json\/wp\/v2\/pages\/1918\/revisions"}],"wp:attachment":[{"href":"https:\/\/alfisti.rs\/it\/wp-json\/wp\/v2\/media?parent=1918"}],"curies":[{"name":"wp","href":"https:\/\/api.w.org\/{rel}","templated":true}]}}